{"id":417,"date":"2011-08-29T10:45:06","date_gmt":"2011-08-29T10:45:06","guid":{"rendered":"http:\/\/sylviatubbesing.de\/Gedankenfluege\/?page_id=2"},"modified":"2011-08-29T10:45:06","modified_gmt":"2011-08-29T10:45:06","slug":"gedankenfluege","status":"publish","type":"page","link":"https:\/\/tubbsis.de\/?page_id=417","title":{"rendered":"Gedankenfl\u00fcge"},"content":{"rendered":"<p><a href=\"http:\/\/sylviatubbesing.de\/Gedankenfluege\/wp-content\/uploads\/2011\/08\/Gedankefl%C3%BCge.jpg\"><img loading=\"lazy\" decoding=\"async\" class=\"alignnone size-full wp-image-19\" title=\"Gedankefl\u00fcge\" src=\"http:\/\/sylviatubbesing.de\/Gedankenfluege\/wp-content\/uploads\/2011\/08\/Gedankefl%C3%BCge.jpg\" alt=\"\" width=\"1024\" height=\"768\" \/><\/a><\/p>\n<p>&nbsp;<\/p>\n<p>Einfach mal ein paar Gedanken unsortiert, hintereinander aufgereiht. Entstanden durch Situationen und Gespr\u00e4che. Viel Freude beim Lesen und Gedankenfliegen. Gerne darf zitiert werden, aber bitte nur unter Angabe des Autors. Danke \ud83d\ude09<\/p>\n<p>&nbsp;<\/p>\n<p>Wenn laut Platon Liebe eine schwere Geisteskrankheit ist,<br \/>\nbin ich gern verr\u00fcckt. Selbst mit der Diagnose: unheilbar!<br \/>\n\u00a9Sylvia Tubbesing  <\/p>\n<p>:-\u2665\u00bb\u2022*\u00af*\u2022\u00bb\u00ab\u2022*\u00af*\u2022\u00ab\u2665-<\/p>\n<p>Wer seine Gruben selber gr\u00e4bt,<br \/>\nbestimmt damit oft auch die Tiefe der<br \/>\nFettn\u00e4pfchen, in die er rein tritt&#8230;<br \/>\n\u00a9 Sylvia Tubbesing<\/p>\n<p>:-\u2665\u00bb\u2022*\u00af*\u2022\u00bb\u00ab\u2022*\u00af*\u2022\u00ab\u2665-<\/p>\n<p>Viele Menschen haben zwar &#8217;nen Arsch in der Hose,<br \/>\naber kein R\u00fcckgrat \u00fcber ihrem Ges\u00e4\u00df!<br \/>\n\u00a9 Sylvia Tubbesing <\/p>\n<p>:-\u2665\u00bb\u2022*\u00af*\u2022\u00bb\u00ab\u2022*\u00af*\u2022\u00ab\u2665-<\/p>\n<p>Rechtschreibfehler sind leichter zu korrigieren als Wesensz\u00fcge.<br \/>\n\u00a9 Sylvia Tubbesing <\/p>\n<p>:-\u2665\u00bb\u2022*\u00af*\u2022\u00bb\u00ab\u2022*\u00af*\u2022\u00ab\u2665-<\/p>\n<p>Weil die meisten bei der Liebe<br \/>\ndas Denken vergessen &#8211; und sich selbst aufgeben &#8211;<br \/>\nscheitern so viele an ihr.<br \/>\n\u00a9Sylvia Tubbesing<\/p>\n<p>:-\u2665\u00bb\u2022*\u00af*\u2022\u00bb\u00ab\u2022*\u00af*\u2022\u00ab\u2665-:<\/p>\n<p>Ich bin nicht gescheit, ich passe mich nur meiner Umgebung an.<br \/>\n\u00a9Sylvia Tubbesing<\/p>\n<p>:-\u2665\u00bb\u2022*\u00af*\u2022\u00bb\u00ab\u2022*\u00af*\u2022\u00ab\u2665-:<\/p>\n<p>Wenn man eine Partnerschaft in Nebens\u00e4tzen f\u00fchrt,<br \/>\nl\u00e4uft man in Gefahr, dass diese zur Nebensache wird.<br \/>\n\u00a9Sylvia Tubbesing<\/p>\n<p>:-\u2665\u00bb\u2022*\u00af*\u2022\u00bb\u00ab\u2022*\u00af*\u2022\u00ab\u2665-:<\/p>\n<p>Nicht der, der als erster Schach sagt, hat das Spiel automatisch gewonnen.<br \/>\n\u00a9Sylvia Tubbesing<\/p>\n<p>:-\u2665\u00bb\u2022*\u00af*\u2022\u00bb\u00ab\u2022*\u00af*\u2022\u00ab\u2665-:<\/p>\n<p>Ab und an sollte ich einfach das Gehirn abschalten.<br \/>\n\u00a9Sylvia Tubbesing<\/p>\n<p>:-\u2665\u00bb\u2022*\u00af*\u2022\u00bb\u00ab\u2022*\u00af*\u2022\u00ab\u2665-:<\/p>\n<p>Wenn man sein Herz verliert,<br \/>\nbleibt einem nur noch die Hoffnung,<br \/>\ndass der, der es findet \u2013<br \/>\nsehr achtsam damit umgeht.<br \/>\n\u00a9Sylvia Tubbesing<\/p>\n<p>:-\u2665\u00bb\u2022*\u00af*\u2022\u00bb\u00ab\u2022*\u00af*\u2022\u00ab\u2665-:<\/p>\n<p>Es gib Tage, da wird man von seiner Motivation so \u00fcberrumpelt,<br \/>\ndass man leblos am Boden liegen m\u00f6chte<br \/>\n\u00a9 Sylvia Tubbesing<\/p>\n<p>:-\u2665\u00bb\u2022*\u00af*\u2022\u00bb\u00ab\u2022*\u00af*\u2022\u00ab\u2665-:<\/p>\n<p>Was w\u00e4re eine Frau, die gleich beim ersten Gespr\u00e4ch all ihre Geheimnisse preis g\u00e4be?<br \/>\nLangweilig und sicher nur halb so prickelnd wie Ahoi Brause.<br \/>\n\u00a9Sylvia Tubbesing<\/p>\n<p>:-\u2665\u00bb\u2022*\u00af*\u2022\u00bb\u00ab\u2022*\u00af*\u2022\u00ab\u2665-:<\/p>\n<p>Intelligenz gepaart mit Faulheit bringt Dich weit, faul und dumm, kommt nix bei rum.<br \/>\n\u00a9Sylvia Tubbesing<\/p>\n<p>:-\u2665\u00bb\u2022*\u00af*\u2022\u00bb\u00ab\u2022*\u00af*\u2022\u00ab\u2665-:<\/p>\n<p>Spiele mit Worten, spiele in Gedanken aber spiele nie mit Menschen<br \/>\n\u00a9Sylvia Tubbesing<\/p>\n<p>:-\u2665\u00bb\u2022*\u00af*\u2022\u00bb\u00ab\u2022*\u00af*\u2022\u00ab\u2665-:<\/p>\n<p>Nein ich bin nicht genervt, schiebe es einfach auf die Hormone<br \/>\n\u00a9Sylvia Tubbesing<\/p>\n<p>:-\u2665\u00bb\u2022*\u00af*\u2022\u00bb\u00ab\u2022*\u00af*\u2022\u00ab\u2665-:<\/p>\n<p>Ich frag mich gerade, ob Matrazenfl\u00fcsterer<br \/>\nein anerkannter Ausbildungsberuf ist und wenn ja?<br \/>\nin welchem Bereich?<br \/>\n\u00a9Sylvia Tubbesing<\/p>\n<p>:-\u2665\u00bb\u2022*\u00af*\u2022\u00bb\u00ab\u2022*\u00af*\u2022\u00ab\u2665-:<\/p>\n<p>Manchmal ist fr\u00fcher schneller.<br \/>\n\u00a9Sylvia Tubbesing<\/p>\n<p>:-\u2665\u00bb\u2022*\u00af*\u2022\u00bb\u00ab\u2022*\u00af*\u2022\u00ab\u2665-:<\/p>\n<p>Kopf hoch klingt bl\u00f6d, aber es ver\u00e4ndert den Blickwinkel\u2026<br \/>\nund man ist eher bereit, die Sonne zu sehen.<br \/>\n\u00a9 Sylvia Tubbesing<\/p>\n<p>:-\u2665\u00bb\u2022*\u00af*\u2022\u00bb\u00ab\u2022*\u00af*\u2022\u00ab\u2665-:<\/p>\n<p>Freunde erkennt man in der realen als auch in der virtuellen Welt daran,<br \/>\ndass sie noch zu einem stehen, wenn es nicht nur auf der Sonnenseite weitergeht.<br \/>\n\u00a9Sylvia Tubbesing<\/p>\n<p>:-\u2665\u00bb\u2022*\u00af*\u2022\u00bb\u00ab\u2022*\u00af*\u2022\u00ab\u2665-:<\/p>\n<p>Weibliche Logik ist die Logik,<br \/>\ndie man(n) nicht erkl\u00e4ren kann.<br \/>\n\u00a9 Sylvia Tubbesing<\/p>\n<p>:-\u2665\u00bb\u2022*\u00af*\u2022\u00bb\u00ab\u2022*\u00af*\u2022\u00ab\u2665-:<\/p>\n<p>&nbsp;<\/p>\n<p>&nbsp;<\/p>\n<p>&nbsp;<\/p>\n<p>&nbsp;<\/p>\n<p>&nbsp;<\/p>\n<p>&nbsp;<\/p>\n","protected":false},"excerpt":{"rendered":"<p>&nbsp; Einfach mal ein paar Gedanken unsortiert, hintereinander aufgereiht. Entstanden durch Situationen und Gespr\u00e4che. Viel Freude beim Lesen und Gedankenfliegen. Gerne darf zitiert werden, aber bitte nur unter Angabe des Autors. Danke \ud83d\ude09 &nbsp; Wenn laut Platon Liebe eine schwere &hellip; <a href=\"https:\/\/tubbsis.de\/?page_id=417\">Continue reading <span class=\"meta-nav\">&rarr;<\/span><\/a><\/p>\n","protected":false},"author":1,"featured_media":0,"parent":0,"menu_order":0,"comment_status":"open","ping_status":"open","template":"","meta":{"jetpack_post_was_ever_published":false,"footnotes":""},"jetpack_sharing_enabled":true,"jetpack_shortlink":"https:\/\/wp.me\/Pa8Pt4-6J","jetpack-related-posts":[],"jetpack_likes_enabled":true,"post_mailing_queue_ids":[],"_links":{"self":[{"href":"https:\/\/tubbsis.de\/index.php?rest_route=\/wp\/v2\/pages\/417"}],"collection":[{"href":"https:\/\/tubbsis.de\/index.php?rest_route=\/wp\/v2\/pages"}],"about":[{"href":"https:\/\/tubbsis.de\/index.php?rest_route=\/wp\/v2\/types\/page"}],"author":[{"embeddable":true,"href":"https:\/\/tubbsis.de\/index.php?rest_route=\/wp\/v2\/users\/1"}],"replies":[{"embeddable":true,"href":"https:\/\/tubbsis.de\/index.php?rest_route=%2Fwp%2Fv2%2Fcomments&post=417"}],"version-history":[{"count":0,"href":"https:\/\/tubbsis.de\/index.php?rest_route=\/wp\/v2\/pages\/417\/revisions"}],"wp:attachment":[{"href":"https:\/\/tubbsis.de\/index.php?rest_route=%2Fwp%2Fv2%2Fmedia&parent=417"}],"curies":[{"name":"wp","href":"https:\/\/api.w.org\/{rel}","templated":true}]}}