{"id":35,"date":"2011-08-31T12:29:43","date_gmt":"2011-08-31T12:29:43","guid":{"rendered":"http:\/\/sylviatubbesing.de\/Gedankenfluege\/?page_id=35"},"modified":"2011-08-31T12:29:43","modified_gmt":"2011-08-31T12:29:43","slug":"gedankenfluge-ii","status":"publish","type":"page","link":"https:\/\/tubbsis.de\/?page_id=35","title":{"rendered":"Gedankenfl\u00fcge II"},"content":{"rendered":"<p><a href=\"http:\/\/sylviatubbesing.de\/Gedankenfluege\/wp-content\/uploads\/2011\/08\/Gedankefl\u00fcge1.jpg\"><img loading=\"lazy\" decoding=\"async\" class=\"alignnone size-medium wp-image-37\" title=\"Gedankefl\u00fcge\" src=\"http:\/\/sylviatubbesing.de\/Gedankenfluege\/wp-content\/uploads\/2011\/08\/Gedankefl\u00fcge1-300x225.jpg\" alt=\"\" width=\"300\" height=\"225\" \/><\/a><\/p>\n<p>Ich lade Euch zu einem weiteren Rundflug der Gedankenfl\u00fcge ein. Einsteigen und abheben. Vielleicht gibt es auch den ein oder anderen Looping bei Euch und es folgt der AHA Effekt.<br \/>\nDer ein oder andere Gedankenflug entstand bei den Messenger-Gespr\u00e4chen mit einem ollen Sturkopp aus dem Westen Europas. Ich winke mal von hier runter ins Tal und lass Dir als Dankesch\u00f6n ein paar Sauerl\u00e4nder \u2013 Gr\u00fc\u00dfe hier. Danke f\u00fcr den ein oder anderen Tritt an dieser Stelle und die ein oder andere \u201cGedankenflug-Idee\u201d, die bei unseren Gespr\u00e4chen oder Chats entstanden ist.<\/p>\n<p>Viel Freude beim Lesen und Gedankenfliegen. Gerne darf zitiert werden, aber bitte nur unter Angabe des Autors. Danke <img loading=\"lazy\" decoding=\"async\" src=\"..\/wp-includes\/images\/smilies\/icon_wink.gif\" alt=\";)\" name=\"Grafik1\" width=\"15\" height=\"15\" align=\"BOTTOM\" border=\"0\" \/><\/p>\n<p>:-\u2665\u00bb\u2022*\u00af*\u2022\u00bb\u00ab\u2022*\u00af*\u2022\u00ab\u2665-:<\/p>\n<p>&nbsp;<\/p>\n<p>&#8222;Lebe Dein Leben und stehe dazu &#8211; f\u00fcr Dich verantwortlich bist allein DU!&#8220; \u00a9Sylvia Tubbesing<\/p>\n<p>:-\u2665\u00bb\u2022*\u00af*\u2022\u00bb\u00ab\u2022*\u00af*\u2022\u00ab\u2665-:<\/p>\n<p>&#8222;No and never&#8220; galt nicht dir, sondern diesen Deppen hier, gibt zu viel in diesem Land, ich wei\u00df, das ist Dir auch bekannt! F\u00fcr Dich gilt, dass sag ich hier- nur diese Formel: DU, Ich WIR! \u00a9 Sylvia Tubbesing<\/p>\n<p>:-\u2665\u00bb\u2022*\u00af*\u2022\u00bb\u00ab\u2022*\u00af*\u2022\u00ab\u2665-:<\/p>\n<p>&#8222;Gleich ist <strong>jetzt<\/strong> vorbei&#8220;&#8230; ein Augenblick dauert nicht mal so lange, wie ihr 2 Worte lesen k\u00f6nnt \u00a9 Sylvia Tubbesing<\/p>\n<p>:-\u2665\u00bb\u2022*\u00af*\u2022\u00bb\u00ab\u2022*\u00af*\u2022\u00ab\u2665-:<\/p>\n<p>Der Polterabend ist traditionell vor der Hochzeit,<br \/>\ndamit man(n)<br \/>\nsich schon mal an das herumfliegendende Geschirr<br \/>\ngew\u00f6hnen kann<br \/>\n\u00a9 Sylvia Tubbesing<\/p>\n<p>:-\u2665\u00bb\u2022*\u00af*\u2022\u00bb\u00ab\u2022*\u00af*\u2022\u00ab\u2665-:<\/p>\n<p>Man muss h\u00f6llisch aufpassen,<br \/>\nwem man die Z\u00fcgel \u00fcberl\u00e4sst,<br \/>\nda man sonst leicht zur Marionette wird.<br \/>\n\u00a9 Sylvia Tubbesing<\/p>\n<p>:-\u2665\u00bb\u2022*\u00af*\u2022\u00bb\u00ab\u2022*\u00af*\u2022\u00ab\u2665-:<\/p>\n<p>Ich will, dass Du wei\u00dft,<br \/>\ndas Du mich gl\u00fccklich machst,<br \/>\nnicht mehr,<br \/>\naber auch nicht weniger.<br \/>\n\u00a9 Sylvia Tubbesing<\/p>\n<p>:-\u2665\u00bb\u2022*\u00af*\u2022\u00bb\u00ab\u2022*\u00af*\u2022\u00ab\u2665-:<\/p>\n<p>Mach Dir mal keine Sorgen,<br \/>\nwegen Gestern:<br \/>\ndenk an Morgen!<br \/>\n\u00a9 Sylvia Tubbesing<\/p>\n<p>:-\u2665\u00bb\u2022*\u00af*\u2022\u00bb\u00ab\u2022*\u00af*\u2022\u00ab\u2665-:<\/p>\n<p>Manchmal ist ein<br \/>\n\u201csch\u00f6n, dass es Dich gibt\u201d<br \/>\ndie beste Art zu sagen,<br \/>\ndass man jemanden liebt.<br \/>\n\u00a9 Sylvia Tubbesing<\/p>\n<p>:-\u2665\u00bb\u2022*\u00af*\u2022\u00bb\u00ab\u2022*\u00af*\u2022\u00ab\u2665-:<\/p>\n<p>Unsere Gedanken und Ideen<br \/>\nfliegen wie Seifenblasen in den Himmel,<br \/>\nleider bleibt die Angst \u2013 sie k\u00f6nnten zerplatzen.<br \/>\n\u00a9 Sylvia Tubbesing<\/p>\n<p>:-\u2665\u00bb\u2022*\u00af*\u2022\u00bb\u00ab\u2022*\u00af*\u2022\u00ab\u2665-:<\/p>\n<p>Es gibt Tage, die sind verr\u00fcckter als andere,<br \/>\nwenn aber die Bilanz der Augenblicke<br \/>\nam Ende des Tages positiv ausf\u00e4llt<br \/>\nwar es ein GUTER TAG!<br \/>\n\u00a9 Sylvia Tubbesing<\/p>\n<p>:-\u2665\u00bb\u2022*\u00af*\u2022\u00bb\u00ab\u2022*\u00af*\u2022\u00ab\u2665-:<\/p>\n<p>Zu Hause ist man da,<br \/>\nwo man sich fallen lassen kann,<br \/>\nwo das eine Herz, das andere auff\u00e4ngt.<br \/>\n\u00a9 Sylvia Tubbesing<\/p>\n<p>:-\u2665\u00bb\u2022*\u00af*\u2022\u00bb\u00ab\u2022*\u00af*\u2022\u00ab\u2665-:<\/p>\n<p>H\u00e4tten die Frauen, auf der Suche<br \/>\nnach dem passenden M\u00e4nnchen aufgeben,<br \/>\nw\u00e4re die Menschheit schon vor Jahren ausgestorben.<br \/>\n\u00a9 Sylvia Tubbesing<\/p>\n<p>:-\u2665\u00bb\u2022*\u00af*\u2022\u00bb\u00ab\u2022*\u00af*\u2022\u00ab\u2665-:<\/p>\n<p>Meine Definition vom Beginn des Tages<br \/>\nist eher Ur-zeitlich, also der Tag beginnt,<br \/>\nwenn es hell wird und die Sonne aufgeht.<br \/>\nHeutzutage aber leben wir eher Uhr-zeitlich<br \/>\nund da beginnt der Tag, wenn es noch dunkel ist<br \/>\nmitten in der Nacht.<br \/>\n\u00a9 Sylvia Tubbesing<\/p>\n<p>:-\u2665\u00bb\u2022*\u00af*\u2022\u00bb\u00ab\u2022*\u00af*\u2022\u00ab\u2665-:<\/p>\n<p>Es gibt Momente, da w\u00fcnsche ich mir:<br \/>\nEinstein h\u00e4tte mit Rosen eine Br\u00fccke gebaut.<br \/>\n\u00a9 Sylvia Tubbesing<\/p>\n<p>:-\u2665\u00bb\u2022*\u00af*\u2022\u00bb\u00ab\u2022*\u00af*\u2022\u00ab\u2665-:<\/p>\n<p>Nicht nur mathematisch macht es Sinn,<br \/>\nDinge ab und an auf den Punkt zu bringen.<br \/>\n\u00a9 Sylvia Tubbesing<\/p>\n<p>:-\u2665\u00bb\u2022*\u00af*\u2022\u00bb\u00ab\u2022*\u00af*\u2022\u00ab\u2665-:<\/p>\n<p>Bei einigen bedarf es ab und an<br \/>\neines Updates der Synapsen.<br \/>\nBei anderen dagegen hilft nur noch<br \/>\nein komplettes Reseten des Systems.<br \/>\n\u00a9 Sylvia Tubbesing<\/p>\n<p>:-\u2665\u00bb\u2022*\u00af*\u2022\u00bb\u00ab\u2022*\u00af*\u2022\u00ab\u2665-:<\/p>\n<p>Man sollte aufpassen,<br \/>\nwenn man zur Unwahrheit neigt,<br \/>\ndenn wenn man zu oft l\u00fcgt,<br \/>\nstolpert man irgendwann \u00fcber die eigene Nase\u2026<br \/>\n\u00a9 Sylvia Tubbesing<\/p>\n<p>:-\u2665\u00bb\u2022*\u00af*\u2022\u00bb\u00ab\u2022*\u00af*\u2022\u00ab\u2665-:<br \/>\nBei wichtigen Entscheidungen sollte man,<br \/>\nden \u00fcberwiegenden Anteil Bauch und Herz \u00fcberlassen \u2013<br \/>\ngew\u00fcrzt mit einer Prise Verstand.<br \/>\n\u00a9 Sylvia Tubbesing<\/p>\n<p>:-\u2665\u00bb\u2022*\u00af*\u2022\u00bb\u00ab\u2022*\u00af*\u2022\u00ab\u2665-:<\/p>\n<p>Nicht nur im Spiel auch in der Liebe<br \/>\nl\u00e4sst ein Hauptgewinn alle Nieten vergessen.<br \/>\n\u00a9Sylvia Tubbesing<\/p>\n<p>:-\u2665\u00bb\u2022*\u00af*\u2022\u00bb\u00ab\u2022*\u00af*\u2022\u00ab\u2665-:<\/p>\n<p>&nbsp;<\/p>\n","protected":false},"excerpt":{"rendered":"<p>Ich lade Euch zu einem weiteren Rundflug der Gedankenfl\u00fcge ein. Einsteigen und abheben. Vielleicht gibt es auch den ein oder anderen Looping bei Euch und es folgt der AHA Effekt. Der ein oder andere Gedankenflug entstand bei den Messenger-Gespr\u00e4chen mit &hellip; <a href=\"https:\/\/tubbsis.de\/?page_id=35\">Continue reading <span class=\"meta-nav\">&rarr;<\/span><\/a><\/p>\n","protected":false},"author":1,"featured_media":0,"parent":0,"menu_order":0,"comment_status":"open","ping_status":"open","template":"","meta":{"jetpack_post_was_ever_published":false,"footnotes":""},"jetpack_sharing_enabled":true,"jetpack_shortlink":"https:\/\/wp.me\/Pa8Pt4-z","jetpack-related-posts":[],"jetpack_likes_enabled":true,"post_mailing_queue_ids":[],"_links":{"self":[{"href":"https:\/\/tubbsis.de\/index.php?rest_route=\/wp\/v2\/pages\/35"}],"collection":[{"href":"https:\/\/tubbsis.de\/index.php?rest_route=\/wp\/v2\/pages"}],"about":[{"href":"https:\/\/tubbsis.de\/index.php?rest_route=\/wp\/v2\/types\/page"}],"author":[{"embeddable":true,"href":"https:\/\/tubbsis.de\/index.php?rest_route=\/wp\/v2\/users\/1"}],"replies":[{"embeddable":true,"href":"https:\/\/tubbsis.de\/index.php?rest_route=%2Fwp%2Fv2%2Fcomments&post=35"}],"version-history":[{"count":0,"href":"https:\/\/tubbsis.de\/index.php?rest_route=\/wp\/v2\/pages\/35\/revisions"}],"wp:attachment":[{"href":"https:\/\/tubbsis.de\/index.php?rest_route=%2Fwp%2Fv2%2Fmedia&parent=35"}],"curies":[{"name":"wp","href":"https:\/\/api.w.org\/{rel}","templated":true}]}}